{"id":191,"date":"2025-01-04T12:45:31","date_gmt":"2025-01-04T12:45:31","guid":{"rendered":"https:\/\/www.ostseekids.de\/ostseekids_wordpress_2024\/?page_id=191"},"modified":"2025-08-14T18:05:28","modified_gmt":"2025-08-14T16:05:28","slug":"impressum","status":"publish","type":"page","link":"https:\/\/borstel-ev.de\/index.php\/impressum\/","title":{"rendered":"Impressum"},"content":{"rendered":"\n<p><strong>BORSTEL e.V.<\/strong><br>F\u00f6rderverein f\u00fcr Jugendarbeit<br>c\/o Stefan Lange<br>Garnstra\u00dfe 28<br>14482 Potsdam<\/p>\n\n\n\n<p><br>Tel.: <a href=\"tel:+493375203040\">03375 203040<\/a><br>Fax: <a href=\"fax:+4933755840001\">03375 5840001<\/a><br>E-Mail: <a href=\"mailto:vorstand@borstel-ev.de\">vorstand@borstel-ev.de<\/a><\/p>\n\n\n\n<p><br><strong>Vertretungsberechtigter Vorstand:<\/strong><br>Christoph Pusch,<br>Stefan Lange,<br>Gesine Knauer<br><br><br><strong>Vereinsregister:<\/strong><br>Amtsgericht Potsdam VR 9570 P<br><\/p>\n\n\n\n<p><strong>Inhaltlich Verantwortlicher gem\u00e4\u00df \u00a7 6 MDStV:<\/strong><br>Stefan Lange<br><\/p>\n\n\n\n<p><strong>Haftungshinweis:<\/strong><br>Trotz sorgf\u00e4ltiger inhaltlicher Kontrolle \u00fcbernehmen wir keine Haftung f\u00fcr die Inhalte externer Links. F\u00fcr den Inhalt der verlinkten Seiten sind ausschlie\u00dflich deren Betreiber verantwortlich.<br><br>Alle Angaben und Ausk\u00fcnfte erfolgen ohne Gew\u00e4hr.<br><br><br><strong>Layout &amp; Design:<\/strong><br>Der Vorstand BORSTEL e.V.&nbsp;&nbsp;&nbsp;&nbsp; &nbsp;<br><\/p>\n","protected":false},"excerpt":{"rendered":"<p>BORSTEL e.V.F\u00f6rderverein f\u00fcr Jugendarbeitc\/o Stefan LangeGarnstra\u00dfe 2814482 Potsdam Tel.: 03375 203040Fax: 03375 5840001E-Mail: vorstand@borstel-ev.de Vertretungsberechtigter Vorstand:Christoph Pusch,Stefan Lange,Gesine Knauer Vereinsregister:Amtsgericht &hellip; <a href=\"https:\/\/borstel-ev.de\/index.php\/impressum\/\" class=\"more-link\"><span class=\"more-button\">Continue Reading<span class=\"screen-reader-text\">Impressum<\/span><\/span><\/a><\/p>\n","protected":false},"author":1,"featured_media":0,"parent":0,"menu_order":0,"comment_status":"closed","ping_status":"closed","template":"","meta":{"footnotes":""},"class_list":["post-191","page","type-page","status-publish","hentry"],"_links":{"self":[{"href":"https:\/\/borstel-ev.de\/index.php\/wp-json\/wp\/v2\/pages\/191","targetHints":{"allow":["GET"]}}],"collection":[{"href":"https:\/\/borstel-ev.de\/index.php\/wp-json\/wp\/v2\/pages"}],"about":[{"href":"https:\/\/borstel-ev.de\/index.php\/wp-json\/wp\/v2\/types\/page"}],"author":[{"embeddable":true,"href":"https:\/\/borstel-ev.de\/index.php\/wp-json\/wp\/v2\/users\/1"}],"replies":[{"embeddable":true,"href":"https:\/\/borstel-ev.de\/index.php\/wp-json\/wp\/v2\/comments?post=191"}],"version-history":[{"count":2,"href":"https:\/\/borstel-ev.de\/index.php\/wp-json\/wp\/v2\/pages\/191\/revisions"}],"predecessor-version":[{"id":850,"href":"https:\/\/borstel-ev.de\/index.php\/wp-json\/wp\/v2\/pages\/191\/revisions\/850"}],"wp:attachment":[{"href":"https:\/\/borstel-ev.de\/index.php\/wp-json\/wp\/v2\/media?parent=191"}],"curies":[{"name":"wp","href":"https:\/\/api.w.org\/{rel}","templated":true}]}}