{"id":277,"date":"2025-01-06T17:19:43","date_gmt":"2025-01-06T17:19:43","guid":{"rendered":"https:\/\/www.ostseekids.de\/ostseekids_wordpress_2024\/?page_id=277"},"modified":"2025-01-22T17:30:08","modified_gmt":"2025-01-22T16:30:08","slug":"heimwehratgeber","status":"publish","type":"page","link":"https:\/\/borstel-ev.de\/index.php\/heimwehratgeber\/","title":{"rendered":"heimwehratgeber"},"content":{"rendered":"\n<p>Liebe Eltern,<\/p>\n\n\n\n<p>einer der wichtigsten Aspekte bei der Entscheidung sein Kind allein in den Urlaub fahren zu lassen oder auch nicht, ist wohl das Heimweh. <\/p>\n\n\n\n<h3 class=\"wp-block-heading\">Kann heimweh ein thema bei meinem kind werden?<\/h3>\n\n\n\n<p>Sie als Eltern k\u00f6nnen die Frage, wie relevant das Thema f\u00fcr Ihr Kind sein wird am Besten beantworten. Hilfreich ist es dabei sich zu fragen, ob Ihr Kind schon ausw\u00e4rts, z.B. bei den Gro\u00dfeltern, Freunden oder auf einer Kita- oder Klassenfahrt \u00fcbernachtet hat und wie es damit umgehen konnte. <\/p>\n\n\n\n<p>Auch wichtig ist dabei die Konstellation in der Ihr Kind verreisen soll. Reist es allein oder sind die besten Freunde, Geschwister oder Cousin\/Cousine dabei?<\/p>\n\n\n\n<h3 class=\"wp-block-heading\">Wann heimweh meist entsteht und was wir tun k\u00f6nnen<\/h3>\n\n\n\n<p>Unsere langj\u00e4hrige Erfahrung hat uns gezeigt, solange der Trubel anh\u00e4lt denkt das Kind kaum an zu Hause. Das Heimweh kommt erst beim ins Bett gehen, wenn das Kind merkt, es ist doch anders als zu Hause. Die Mama oder der Papa fehlt, die Ger\u00fcche und Ger\u00e4usche sind anders und das Bett ist sowieso nicht dasselbe wie zu Hause.<br>Gute Betreuer kennen diese kritische Zeit und wissen was zu tun ist. N\u00e4mlich erst mal den vergangenen Tag Revue passieren lassen, indem die Kinder sich in der Gruppe gegenseitig erz\u00e4hlen was toll war und was nicht. Wenn man dann schon mal vom Betreuer erf\u00e4hrt, was am n\u00e4chsten Tag geplant ist, hilft die Vorfreude oft sehr beim schnellen Einschlafen. Nicht zu vergessen sind die altbew\u00e4hrten Gutenachtgeschichten \u2013 ein Zaubermittel wenn es darum geht das Heimweh zu vergessen.<\/p>\n\n\n\n<h3 class=\"wp-block-heading\">was sie  tun k\u00f6nnen<\/h3>\n\n\n\n<p class=\"has-text-align-left\">Um Ihrem Kind zu helfen, k\u00f6nnen Sie folgendes tun: Wenn Ihr Kind im Vorfeld schon Bedenken hat allein zu verreisen, schildern Sie ihm sch\u00f6ne Erlebnisse aus Ihrer eigenen Kindheit\/Jugend. <br>Oftmals ist es auch hilfreich, wenn Ihr Kind nicht ganz allein verreist, sondern mit einem guten Freund, einer Freundin zusammen. Das Lieblings-Kuscheltier sollte nat\u00fcrlich auf keinen Fall vergessen werden. Hilfreich kann auch sein, das eigene Kopfkissen mitzubringen, denn der vertraute Geruch hilft oftmals beim Einschlafen.<\/p>\n\n\n\n<p class=\"has-text-align-left\">Haben Sie bereits bei der Anreise den Verdacht, dass Ihr Kind Heimweh entwickeln k\u00f6nnte, sprechen Sie unbedingt die Betreuerin bzw. den Betreuer darauf an. <\/p>\n\n\n\n<h3 class=\"wp-block-heading\"> was sie vermeiden sollten<\/h3>\n\n\n\n<p>Nicht ratsam ist es seinem Kind ein Handy zur freien Verf\u00fcgung mitzugeben.<\/p>\n\n\n\n<p> Warum? Versetzen wir uns mal in die Situation des Kindes. Es hat den ganzen Tag getobt und dann nach dem Abendbrot, wenn alles etwas ruhiger wird, merkt es pl\u00f6tzlich, dass alles anders ist als sonst. Das Kind vermisst jetzt die vertraute Umgebung und bestimmte Rituale besonders. Es entsteht Heimweh. <br>An wen wendet sich das Kind dann als erstes? An den Betreuer, den es erst seit ein paar Stunden bzw. Tagen kennt oder greift es zum Handy, um eine vertraute Stimme zu h\u00f6ren? <\/p>\n\n\n\n<p>Der Effekt dabei ist meistens der, dass sich das Heimweh oft noch verschlimmert, ohne dass wir etwas davon wissen und dagegen wirken k\u00f6nnen.<\/p>\n\n\n\n<h3 class=\"wp-block-heading\">unser l\u00f6sungsvorschlag<\/h3>\n\n\n\n<p>Wir wollen den telefonischen Kontakt nicht v\u00f6llig unterbinden und bieten daher Eltern und Kindern die Nutzung des Camp-Telefons an. Das Camp-Telefon wird ganzt\u00e4gig von der Campleitung mitgef\u00fchrt. Hier\u00fcber sind wir jederzeit erreichbar und auch unsere Kinder und Jugendliche k\u00f6nnen das Telefon f\u00fcr ein Telefonat nutzen.<\/p>\n\n\n\n<p>Wenn Sie bereits vor der Anreise die Vermutung haben, dass bei Ihrem Kind Heimweh entstehen k\u00f6nnte, sprechen Sie mit der Betreuerin bzw. dem Betreuer dar\u00fcber. Somit k\u00f6nnen wir uns darauf einstellen und dem Heimweh wom\u00f6glich entgegenwirken. Au\u00dferdem k\u00f6nnen Sie mit der Betreuerin\/ dem Betreuer absprechen wie im Falle des Falles verfahren werden soll und ab wann ein pers\u00f6nliches Gespr\u00e4ch zwischen Ihnen und Ihrem Kind stattfinden soll. <\/p>\n\n\n\n<p>So ein Gespr\u00e4ch hat Vor- und Nachteile. Der\/die Kleine wird Ihnen erz\u00e4hlen, wie sehr sie\/er Sie vermisst, dass es auf jeden Fall nach Hause m\u00f6chte und wie schrecklich hier alles ist. An dieser Stelle d\u00fcrfen sie sich nicht zu vorschnellen Zusagen und \u00fcberst\u00fcrzten Reaktionen hinrei\u00dfen lassen. Bei den Telefonaten mit Ihrem Kind k\u00f6nnen Sie ihm und uns wirklich helfen den Ferienlageraufenthalt zum Erfolg zu f\u00fchren. Fragen Sie nach positiven Erlebnissen des Tages, nach dem Wetter oder auch nach den anderen Kindern und sprechen sie Ihrem Kind ein wenig Mut zu. Den Kindern wird dann oft bewusst, dass es sch\u00f6ne Dinge im Ferienlager gibt und sie solche schon erlebt haben und auch noch erleben werden. <\/p>\n\n\n\n<p>Sollte das Heimweh dennoch nicht verschwinden wollen oder sich sogar verfestigen, finden wir gemeinsam eine L\u00f6sung. Die Erfahrungen aus mittlerweile 27 Jahren Feriencamps zeigen jedoch, dass das Heimweh in den meisten F\u00e4llen eine kurzweilige und tempor\u00e4re Erscheinung ist. Es h\u00e4lt nur selten lange an. Gemeinsam schaffen wir es sicher Ihrem Kind eine wundersch\u00f6ne Woche im Feriencamp zu schaffen und \u00fcber sich hinaus zu wachsen.<br><\/p>\n\n\n\n<p>Ihr BORSTEL-Team<\/p>\n","protected":false},"excerpt":{"rendered":"<p>Liebe Eltern, einer der wichtigsten Aspekte bei der Entscheidung sein Kind allein in den Urlaub fahren zu lassen oder auch &hellip; <a href=\"https:\/\/borstel-ev.de\/index.php\/heimwehratgeber\/\" class=\"more-link\"><span class=\"more-button\">Continue Reading<span class=\"screen-reader-text\">heimwehratgeber<\/span><\/span><\/a><\/p>\n","protected":false},"author":1,"featured_media":0,"parent":0,"menu_order":0,"comment_status":"closed","ping_status":"closed","template":"","meta":{"footnotes":""},"class_list":["post-277","page","type-page","status-publish","hentry"],"_links":{"self":[{"href":"https:\/\/borstel-ev.de\/index.php\/wp-json\/wp\/v2\/pages\/277","targetHints":{"allow":["GET"]}}],"collection":[{"href":"https:\/\/borstel-ev.de\/index.php\/wp-json\/wp\/v2\/pages"}],"about":[{"href":"https:\/\/borstel-ev.de\/index.php\/wp-json\/wp\/v2\/types\/page"}],"author":[{"embeddable":true,"href":"https:\/\/borstel-ev.de\/index.php\/wp-json\/wp\/v2\/users\/1"}],"replies":[{"embeddable":true,"href":"https:\/\/borstel-ev.de\/index.php\/wp-json\/wp\/v2\/comments?post=277"}],"version-history":[{"count":2,"href":"https:\/\/borstel-ev.de\/index.php\/wp-json\/wp\/v2\/pages\/277\/revisions"}],"predecessor-version":[{"id":568,"href":"https:\/\/borstel-ev.de\/index.php\/wp-json\/wp\/v2\/pages\/277\/revisions\/568"}],"wp:attachment":[{"href":"https:\/\/borstel-ev.de\/index.php\/wp-json\/wp\/v2\/media?parent=277"}],"curies":[{"name":"wp","href":"https:\/\/api.w.org\/{rel}","templated":true}]}}