{"id":291,"date":"2025-01-06T18:56:48","date_gmt":"2025-01-06T18:56:48","guid":{"rendered":"https:\/\/www.ostseekids.de\/ostseekids_wordpress_2024\/?page_id=291"},"modified":"2025-10-31T14:06:50","modified_gmt":"2025-10-31T13:06:50","slug":"altershinweise","status":"publish","type":"page","link":"https:\/\/borstel-ev.de\/index.php\/altershinweise\/","title":{"rendered":"altershinweise"},"content":{"rendered":"\n<h3 class=\"wp-block-heading\">Unsere Kleinsten<\/h3>\n\n\n\n<p>Unsere Feriencamps am Schweriner See sind offen f\u00fcr alle Kinder ab der ersten Klasse. Wir m\u00f6chten uns nicht auf eine starre Altersgrenze festlegen, da Sie als Eltern Ihr Kind besser einsch\u00e4tzen k\u00f6nnen, als wir es pauschal k\u00f6nnten. Vielleicht reist Ihr Kind das erste Mal in ein Feriencamp und Sie unterst\u00fctzen mit dieser Entscheidung die Selbstst\u00e4ndigkeit Ihres Kindes. Wichtig f\u00fcr uns: Ihr Kind sollte sich selbstst\u00e4ndig ein Brot schmieren und alle Handlungen im Sanit\u00e4rbereich vornehmen k\u00f6nnen, wie etwa den Toilettengang oder sich zu Duschen.<\/p>\n\n\n\n<h3 class=\"wp-block-heading\">Unsere Gro\u00dfen<\/h3>\n\n\n\n<p>Auch nach oben m\u00f6chten wir keine starren Altersgrenzen vorgeben. Wir m\u00f6chten jedoch ausdr\u00fccklich darauf hinweisen, dass das Kinderland ein Objekt ist, dass sich an den Bed\u00fcrfnissen von Kindern ausrichtet. So befindet sich auf dem Gel\u00e4nde ein Streichelgehege mit Schafen sowie Pferden, H\u00fchnern und G\u00e4nsen. Auch die Spieleinrichtungen sind eher kinderorientiert. Entsprechend sind oftmals zeitgleich mit uns andere Veranstalter auf dem Gel\u00e4nde untergebracht, die mehrheitlich mit Kindern unterwegs sind. Auch unsere Programmpunkte orientieren sich vornehmlich am Alter von etwa sechs bis 14 Jahren. Daher behalten wir uns vor, Anmeldungen von Jugendlichen ab etwa 13\/14 Jahren und die wir noch nicht kennen, zu hinterfragen und gegebenenfalls abzuweisen. Jugendliche, die mit uns bereits in der Vergangenheit verreist sind und wissen was sie erwartet, sind davon nat\u00fcrlich ausgenommen.<\/p>\n\n\n\n<figure class=\"wp-block-image size-full is-resized\"><img fetchpriority=\"high\" decoding=\"async\" width=\"250\" height=\"207\" src=\"https:\/\/borstel-ev.de\/wp-content\/uploads\/2024\/12\/betreuerborstel-1.gif\" alt=\"\" class=\"wp-image-13\" style=\"width:282px;height:auto\"\/><\/figure>\n","protected":false},"excerpt":{"rendered":"<p>Unsere Kleinsten Unsere Feriencamps am Schweriner See sind offen f\u00fcr alle Kinder ab der ersten Klasse. Wir m\u00f6chten uns nicht &hellip; <a href=\"https:\/\/borstel-ev.de\/index.php\/altershinweise\/\" class=\"more-link\"><span class=\"more-button\">Continue Reading<span class=\"screen-reader-text\">altershinweise<\/span><\/span><\/a><\/p>\n","protected":false},"author":1,"featured_media":0,"parent":0,"menu_order":0,"comment_status":"closed","ping_status":"closed","template":"","meta":{"footnotes":""},"class_list":["post-291","page","type-page","status-publish","hentry"],"_links":{"self":[{"href":"https:\/\/borstel-ev.de\/index.php\/wp-json\/wp\/v2\/pages\/291","targetHints":{"allow":["GET"]}}],"collection":[{"href":"https:\/\/borstel-ev.de\/index.php\/wp-json\/wp\/v2\/pages"}],"about":[{"href":"https:\/\/borstel-ev.de\/index.php\/wp-json\/wp\/v2\/types\/page"}],"author":[{"embeddable":true,"href":"https:\/\/borstel-ev.de\/index.php\/wp-json\/wp\/v2\/users\/1"}],"replies":[{"embeddable":true,"href":"https:\/\/borstel-ev.de\/index.php\/wp-json\/wp\/v2\/comments?post=291"}],"version-history":[{"count":6,"href":"https:\/\/borstel-ev.de\/index.php\/wp-json\/wp\/v2\/pages\/291\/revisions"}],"predecessor-version":[{"id":964,"href":"https:\/\/borstel-ev.de\/index.php\/wp-json\/wp\/v2\/pages\/291\/revisions\/964"}],"wp:attachment":[{"href":"https:\/\/borstel-ev.de\/index.php\/wp-json\/wp\/v2\/media?parent=291"}],"curies":[{"name":"wp","href":"https:\/\/api.w.org\/{rel}","templated":true}]}}